{"id":762,"date":"2024-11-27T16:57:32","date_gmt":"2024-11-27T16:57:32","guid":{"rendered":"https:\/\/andalusproducts.com\/?post_type=product&#038;p=762"},"modified":"2025-02-09T18:28:28","modified_gmt":"2025-02-09T18:28:28","slug":"curekotovo-ulje","status":"publish","type":"product","link":"https:\/\/andalusproducts.com\/bs\/p\/curekotovo-ulje\/","title":{"rendered":"\u010curekotovo ulje"},"content":{"rendered":"<h3><strong>\u010curekotovo ulje<\/strong> proizvodi se hladnim cije\u0111enjem i presovanjem \u010durekotovog sjemena, koje se jo\u0161 od vremena drevnog Egipta koristi kao narodni lijek.<\/h3>\n<p><strong>\u010curekot se koristi i kao prevencija za pojavu raznih vrsta bolesti.<\/strong><\/p>\n<div dir=\"auto\"><strong>Djelovanje:<\/strong>Poma\u017ee kod alergija, astme, bronhitisa, ko\u017enih oboljenja, kostobolje, ja\u010danju imuniteta, bolesti \u017eeludca, smetnji u probavi i drugih bolesti.<\/div>\n<div dir=\"auto\"><\/div>\n<div dir=\"auto\">Vrijedni sastojci \u010durekotovog sjemena su zasi\u0107ene i nezasi\u0107ene masne kiseline, proteini, beta karoten, kalcij, \u017eeljezo, tiamin, niacin, folna kiselina\u2026<\/div>\n<div dir=\"auto\">Upravo bogatstvo masnih kiselina \u010dini ga mo\u0107nim saveznikom u borbi protiv raznih alergija. Naime, masne kiseline djeluju protivupalno, poti\u010du zacjeljivanje ko\u017ee i smanjuju alergijske reakcije.<\/div>\n<p>&nbsp;<\/p>\n<p><em>Od najfinijih sjemenki \u010durekota, procesom hladnog cije\u0111enja, proizvodimo za vas ulje \u010durekota visokog kvaliteta.<\/em><\/p>\n<div dir=\"auto\"><\/div>\n<div dir=\"auto\"><\/div>","protected":false},"excerpt":{"rendered":"<h3 class=\"single-post-title product_title entry-title\"><strong>\u010curekotovo ulje-<\/strong>Hladno cije\u0111eno ulje od \u010durekota<\/h3>\n<p class=\"single-post-title product_title entry-title\">\u010curekotovo ulje proizvodi se hladnim cije\u0111enjem i presovanjem \u010durekotovog sjemena, koje se jo\u0161 od vremena drevnog\u00a0 Egipta koristi kao narodni lijek.<\/p>\n<div dir=\"auto\">\n<p><a href=\"https:\/\/andalusproducts.com\/bs\/\">\u010curekotovo ulje<\/a>-\u010curekot se koristi i kao prevencija za pojavu raznih vrsta bolesti. Prirodni je antibiotik koji sni\u017eava holesterol, \u0161e\u0107er i visok krvni pritisak. Tako\u0111er \u0161titi od raka, ja\u010da imunitet i uravnote\u017euje probavu.<\/p>\n<p><strong>Djelovanje:<\/strong>Poma\u017ee kod alergija, astme, bronhitisa, ko\u017enih oboljenja, kostobolje, ja\u010danju imuniteta, bolesti \u017eeludca, smetnji u probavi i drugih bolesti.<\/p>\n<\/div>\n<div dir=\"auto\">Vrijedni sastojci \u010durekotovog sjemena su zasi\u0107ene i nezasi\u0107ene masne kiseline, proteini, beta karoten, kalcij, \u017eeljezo, tiamin, niacin, folna kiselina\u2026<\/div>\n<div dir=\"auto\">Upravo bogatstvo masnih kiselina \u010dini ga mo\u0107nim saveznikom u borbi protiv raznih alergija.<\/div>\n<div dir=\"auto\">Naime, masne kiseline djeluju protivupalno, poti\u010du zacjeljivanje ko\u017ee i smanjuju alergijske reakcije. Sjeme \u010durekota sadr\u017ei timol i druga esencijalna ulja koja stimuli\u0161u rad pljuva\u010dnih \u017elijezda koje poma\u017eu probavu.<\/div>\n<p>&nbsp;<\/p>\n<p><em>Od najfinijih sjemenki \u010durekota, procesom hladnog cije\u0111enja, proizvodimo za vas ulje \u010durekota visokog kvaliteta.<\/em><\/p>\n<p>&nbsp;<\/p>\n<div dir=\"auto\"><\/div>","protected":false},"featured_media":427,"template":"","meta":{"ocean_post_layout":"","ocean_both_sidebars_style":"","ocean_both_sidebars_content_width":0,"ocean_both_sidebars_sidebars_width":0,"ocean_sidebar":"0","ocean_second_sidebar":"0","ocean_disable_margins":"enable","ocean_add_body_class":"","ocean_shortcode_before_top_bar":"","ocean_shortcode_after_top_bar":"","ocean_shortcode_before_header":"","ocean_shortcode_after_header":"","ocean_has_shortcode":"","ocean_shortcode_after_title":"","ocean_shortcode_before_footer_widgets":"","ocean_shortcode_after_footer_widgets":"","ocean_shortcode_before_footer_bottom":"","ocean_shortcode_after_footer_bottom":"","ocean_display_top_bar":"default","ocean_display_header":"default","ocean_header_style":"","ocean_center_header_left_menu":"0","ocean_custom_header_template":"0","ocean_custom_logo":0,"ocean_custom_retina_logo":0,"ocean_custom_logo_max_width":0,"ocean_custom_logo_tablet_max_width":0,"ocean_custom_logo_mobile_max_width":0,"ocean_custom_logo_max_height":0,"ocean_custom_logo_tablet_max_height":0,"ocean_custom_logo_mobile_max_height":0,"ocean_header_custom_menu":"0","ocean_menu_typo_font_family":"0","ocean_menu_typo_font_subset":"","ocean_menu_typo_font_size":0,"ocean_menu_typo_font_size_tablet":0,"ocean_menu_typo_font_size_mobile":0,"ocean_menu_typo_font_size_unit":"px","ocean_menu_typo_font_weight":"","ocean_menu_typo_font_weight_tablet":"","ocean_menu_typo_font_weight_mobile":"","ocean_menu_typo_transform":"","ocean_menu_typo_transform_tablet":"","ocean_menu_typo_transform_mobile":"","ocean_menu_typo_line_height":0,"ocean_menu_typo_line_height_tablet":0,"ocean_menu_typo_line_height_mobile":0,"ocean_menu_typo_line_height_unit":"","ocean_menu_typo_spacing":0,"ocean_menu_typo_spacing_tablet":0,"ocean_menu_typo_spacing_mobile":0,"ocean_menu_typo_spacing_unit":"","ocean_menu_link_color":"","ocean_menu_link_color_hover":"","ocean_menu_link_color_active":"","ocean_menu_link_background":"","ocean_menu_link_hover_background":"","ocean_menu_link_active_background":"","ocean_menu_social_links_bg":"","ocean_menu_social_hover_links_bg":"","ocean_menu_social_links_color":"","ocean_menu_social_hover_links_color":"","ocean_disable_title":"default","ocean_disable_heading":"default","ocean_post_title":"\u010durekot ulje","ocean_post_subheading":"","ocean_post_title_style":"","ocean_post_title_background_color":"","ocean_post_title_background":0,"ocean_post_title_bg_image_position":"","ocean_post_title_bg_image_attachment":"","ocean_post_title_bg_image_repeat":"","ocean_post_title_bg_image_size":"","ocean_post_title_height":0,"ocean_post_title_bg_overlay":0.5,"ocean_post_title_bg_overlay_color":"","ocean_disable_breadcrumbs":"default","ocean_breadcrumbs_color":"","ocean_breadcrumbs_separator_color":"","ocean_breadcrumbs_links_color":"","ocean_breadcrumbs_links_hover_color":"","ocean_display_footer_widgets":"default","ocean_display_footer_bottom":"default","ocean_custom_footer_template":"0"},"product_brand":[],"product_cat":[20],"product_tag":[25,97,92,96,91,69,88],"class_list":{"0":"post-762","1":"product","2":"type-product","3":"status-publish","4":"has-post-thumbnail","6":"product_cat-ulje-curekota","7":"product_tag-curekot","8":"product_tag-curekot-ulje","9":"product_tag-curekotovo-ulje","10":"product_tag-curokotovo-ulje-kao-lijek","11":"product_tag-hladno-cijedeno-ulje-od-curekota","12":"product_tag-ulje","13":"product_tag-zdravlje","15":"entry","16":"has-media","18":"first","19":"instock","20":"taxable","21":"shipping-taxable","22":"purchasable","23":"product-type-simple","24":"has-product-nav","25":"col","26":"span_1_of_3","27":"owp-content-center","28":"owp-thumbs-layout-horizontal","29":"owp-btn-normal","30":"owp-tabs-layout-horizontal","31":"has-no-thumbnails"},"jetpack-related-posts":[],"jetpack_sharing_enabled":true,"_links":{"self":[{"href":"https:\/\/andalusproducts.com\/bs\/wp-json\/wp\/v2\/product\/762","targetHints":{"allow":["GET"]}}],"collection":[{"href":"https:\/\/andalusproducts.com\/bs\/wp-json\/wp\/v2\/product"}],"about":[{"href":"https:\/\/andalusproducts.com\/bs\/wp-json\/wp\/v2\/types\/product"}],"wp:featuredmedia":[{"embeddable":true,"href":"https:\/\/andalusproducts.com\/bs\/wp-json\/wp\/v2\/media\/427"}],"wp:attachment":[{"href":"https:\/\/andalusproducts.com\/bs\/wp-json\/wp\/v2\/media?parent=762"}],"wp:term":[{"taxonomy":"product_brand","embeddable":true,"href":"https:\/\/andalusproducts.com\/bs\/wp-json\/wp\/v2\/product_brand?post=762"},{"taxonomy":"product_cat","embeddable":true,"href":"https:\/\/andalusproducts.com\/bs\/wp-json\/wp\/v2\/product_cat?post=762"},{"taxonomy":"product_tag","embeddable":true,"href":"https:\/\/andalusproducts.com\/bs\/wp-json\/wp\/v2\/product_tag?post=762"}],"curies":[{"name":"wp","href":"https:\/\/api.w.org\/{rel}","templated":true}]}}