{"id":728,"date":"2024-10-21T18:34:03","date_gmt":"2024-10-21T18:34:03","guid":{"rendered":"https:\/\/andalusproducts.com\/?post_type=product&#038;p=728"},"modified":"2025-02-09T18:27:57","modified_gmt":"2025-02-09T18:27:57","slug":"dvojna-terapija-paket","status":"publish","type":"product","link":"https:\/\/andalusproducts.com\/bs\/p\/dvojna-terapija-paket\/","title":{"rendered":"Dvojna Terapija paket + \u010curekotovo ulje!"},"content":{"rendered":"<div class=\"xdj266r x11i5rnm xat24cr x1mh8g0r x1vvkbs x126k92a\">\n<div dir=\"auto\">\n<div class=\"flex-shrink-0 flex flex-col relative items-end\">\n<div>\n<div class=\"pt-0\">\n<div class=\"gizmo-bot-avatar flex h-8 w-8 items-center justify-center overflow-hidden rounded-full\">\n<h3 class=\"relative p-1 rounded-sm flex items-center justify-center bg-token-main-surface-primary text-token-text-primary h-8 w-8\"><a href=\"https:\/\/andalusproducts.com\/bs\/p\/andalus-paket-dvojna-terapija-3x-gratis-curekot-100ml\/\"><strong>\u00a0Dvojna Terapija paket + GRATIS \u010curekotovo ulje!<\/strong><\/a><\/h3>\n<\/div>\n<\/div>\n<\/div>\n<\/div>\n<div class=\"group\/conversation-turn relative flex w-full min-w-0 flex-col agent-turn\">\n<div class=\"flex-col gap-1 md:gap-3\">\n<div class=\"flex max-w-full flex-col flex-grow\">\n<div class=\"min-h-8 text-message flex w-full flex-col items-end gap-2 whitespace-normal break-words [.text-message+&amp;]:mt-5\" dir=\"auto\" data-message-author-role=\"assistant\" data-message-id=\"56b7b96c-bf3b-4732-bbcb-6f6f7f45f04d\" data-message-model-slug=\"gpt-4o\">\n<div class=\"flex w-full flex-col gap-1 empty:hidden first:pt-[3px]\">\n<div class=\"markdown prose w-full break-words dark:prose-invert light\">\n<p>Uz <strong>Andalus Dvojnu Terapiju<\/strong> paket dobivate tri boce ovog posebnog tretmana. Dvojna Terapija, kombinacija maslinovog ulja i prirodnih sastojaka, dokazano je efikasna u borbi protiv sihra i uroka. Na ulje je prou\u010dena \u0161erijatska Rukja, \u0161to dodatno poja\u010dava njegov blagotvorni u\u010dinak.<\/p>\n<p><strong>Dvojna Terapija<\/strong> poma\u017ee u odr\u017eavanju zdravlja i ravnote\u017ee tijela, a korisnici su kroz dugogodi\u0161nju upotrebu potvrdili njenu u\u010dinkovitost.<\/p>\n<p>Kao <strong>GRATIS poklon<\/strong>, uz ovaj <strong>Andalus Dvojna Terapija<\/strong> paket dobivate i <strong>100 ml \u010curekotovog ulja<\/strong> \u2013 100% prirodno ulje poznato po svojim antioksidativnim i imunolo\u0161kim svojstvima.<\/p>\n<p><strong><em>Paket &#8211; Dvojna terapija 3x gratis \u010durekot 100ml.<\/em><\/strong><\/p>\n<\/div>\n<\/div>\n<\/div>\n<\/div>\n<\/div>\n<\/div>\n<\/div>\n<\/div>","protected":false},"excerpt":{"rendered":"<h3 class=\"relative p-1 rounded-sm flex items-center justify-center bg-token-main-surface-primary text-token-text-primary h-8 w-8\"><a href=\"https:\/\/andalusproducts.com\/bs\/p\/andalus-dvojna--2\/terapija\/\"><strong>\u00a0Dvojna Terapija paket 3x\u00a0 + GRATIS \u010curekotovo ulje!<\/strong><\/a><\/h3>\n<div dir=\"auto\">U podru\u010dju alternativnih terapija, dvojna terapija je postala sna\u017eno rje\u0161enje za tretiranje sihra (magije), dzinskog dodira (zlog pogleda) i uroka. Ova izvanredna terapija kombinira ljekovita svojstva najkvalitetnijeg maslinovog ulja s pa\u017eljivo odabranim arapskim biljkama, \u010dime se poja\u010dava njena djelotvornost. Dodatno, praksa rukje je temeljito prou\u010dena i uklju\u010dena u ovaj terapijski pristup, rezultiraju\u0107i uspjehom za pojedince koji tra\u017ee olak\u0161anje od duhovnih tegoba.<\/div>\n<div dir=\"auto\"><\/div>\n<div dir=\"auto\">Takoder na terapiju je prou\u010dena rukja.Ova\u00a0<strong>dvojna terapija<\/strong>\u00a0pru\u017ea blagodati na vi\u0161e nivoa, poma\u017eu\u0107i vama i va\u0161oj porodici u borbi protiv\u00a0<strong>sihra<\/strong>\u00a0i\u00a0<strong>uroka<\/strong>.<\/div>\n<div dir=\"auto\"><\/div>\n<div dir=\"auto\"><\/div>","protected":false},"featured_media":730,"template":"","meta":{"ocean_post_layout":"","ocean_both_sidebars_style":"","ocean_both_sidebars_content_width":0,"ocean_both_sidebars_sidebars_width":0,"ocean_sidebar":"0","ocean_second_sidebar":"0","ocean_disable_margins":"enable","ocean_add_body_class":"","ocean_shortcode_before_top_bar":"","ocean_shortcode_after_top_bar":"","ocean_shortcode_before_header":"","ocean_shortcode_after_header":"","ocean_has_shortcode":"","ocean_shortcode_after_title":"","ocean_shortcode_before_footer_widgets":"","ocean_shortcode_after_footer_widgets":"","ocean_shortcode_before_footer_bottom":"","ocean_shortcode_after_footer_bottom":"","ocean_display_top_bar":"default","ocean_display_header":"default","ocean_header_style":"","ocean_center_header_left_menu":"0","ocean_custom_header_template":"0","ocean_custom_logo":0,"ocean_custom_retina_logo":0,"ocean_custom_logo_max_width":0,"ocean_custom_logo_tablet_max_width":0,"ocean_custom_logo_mobile_max_width":0,"ocean_custom_logo_max_height":0,"ocean_custom_logo_tablet_max_height":0,"ocean_custom_logo_mobile_max_height":0,"ocean_header_custom_menu":"0","ocean_menu_typo_font_family":"0","ocean_menu_typo_font_subset":"","ocean_menu_typo_font_size":0,"ocean_menu_typo_font_size_tablet":0,"ocean_menu_typo_font_size_mobile":0,"ocean_menu_typo_font_size_unit":"px","ocean_menu_typo_font_weight":"","ocean_menu_typo_font_weight_tablet":"","ocean_menu_typo_font_weight_mobile":"","ocean_menu_typo_transform":"","ocean_menu_typo_transform_tablet":"","ocean_menu_typo_transform_mobile":"","ocean_menu_typo_line_height":0,"ocean_menu_typo_line_height_tablet":0,"ocean_menu_typo_line_height_mobile":0,"ocean_menu_typo_line_height_unit":"","ocean_menu_typo_spacing":0,"ocean_menu_typo_spacing_tablet":0,"ocean_menu_typo_spacing_mobile":0,"ocean_menu_typo_spacing_unit":"","ocean_menu_link_color":"","ocean_menu_link_color_hover":"","ocean_menu_link_color_active":"","ocean_menu_link_background":"","ocean_menu_link_hover_background":"","ocean_menu_link_active_background":"","ocean_menu_social_links_bg":"","ocean_menu_social_hover_links_bg":"","ocean_menu_social_links_color":"","ocean_menu_social_hover_links_color":"","ocean_disable_title":"default","ocean_disable_heading":"default","ocean_post_title":"","ocean_post_subheading":"","ocean_post_title_style":"","ocean_post_title_background_color":"","ocean_post_title_background":0,"ocean_post_title_bg_image_position":"","ocean_post_title_bg_image_attachment":"","ocean_post_title_bg_image_repeat":"","ocean_post_title_bg_image_size":"","ocean_post_title_height":0,"ocean_post_title_bg_overlay":0.5,"ocean_post_title_bg_overlay_color":"","ocean_disable_breadcrumbs":"default","ocean_breadcrumbs_color":"","ocean_breadcrumbs_separator_color":"","ocean_breadcrumbs_links_color":"","ocean_breadcrumbs_links_hover_color":"","ocean_display_footer_widgets":"default","ocean_display_footer_bottom":"default","ocean_custom_footer_template":"0"},"product_brand":[],"product_cat":[85],"product_tag":[93,92,67,86,71,87,22],"class_list":{"0":"post-728","1":"product","2":"type-product","3":"status-publish","4":"has-post-thumbnail","6":"product_cat-posebne-ponude","7":"product_tag-andalus-paket","8":"product_tag-curekotovo-ulje","9":"product_tag-dvojna-terapija","10":"product_tag-endelus","11":"product_tag-lijek","12":"product_tag-lijek-protiv-kancera","13":"product_tag-ulje-curekota","15":"entry","16":"has-media","18":"first","19":"instock","20":"taxable","21":"shipping-taxable","22":"purchasable","23":"product-type-simple","24":"has-product-nav","25":"col","26":"span_1_of_3","27":"owp-content-center","28":"owp-thumbs-layout-horizontal","29":"owp-btn-normal","30":"owp-tabs-layout-horizontal","31":"has-no-thumbnails"},"jetpack-related-posts":[],"jetpack_sharing_enabled":true,"_links":{"self":[{"href":"https:\/\/andalusproducts.com\/bs\/wp-json\/wp\/v2\/product\/728","targetHints":{"allow":["GET"]}}],"collection":[{"href":"https:\/\/andalusproducts.com\/bs\/wp-json\/wp\/v2\/product"}],"about":[{"href":"https:\/\/andalusproducts.com\/bs\/wp-json\/wp\/v2\/types\/product"}],"wp:featuredmedia":[{"embeddable":true,"href":"https:\/\/andalusproducts.com\/bs\/wp-json\/wp\/v2\/media\/730"}],"wp:attachment":[{"href":"https:\/\/andalusproducts.com\/bs\/wp-json\/wp\/v2\/media?parent=728"}],"wp:term":[{"taxonomy":"product_brand","embeddable":true,"href":"https:\/\/andalusproducts.com\/bs\/wp-json\/wp\/v2\/product_brand?post=728"},{"taxonomy":"product_cat","embeddable":true,"href":"https:\/\/andalusproducts.com\/bs\/wp-json\/wp\/v2\/product_cat?post=728"},{"taxonomy":"product_tag","embeddable":true,"href":"https:\/\/andalusproducts.com\/bs\/wp-json\/wp\/v2\/product_tag?post=728"}],"curies":[{"name":"wp","href":"https:\/\/api.w.org\/{rel}","templated":true}]}}