{"id":534,"date":"2023-04-11T22:12:29","date_gmt":"2023-04-11T22:12:29","guid":{"rendered":"https:\/\/andalusproducts.com\/?post_type=product&#038;p=534"},"modified":"2025-02-02T17:38:40","modified_gmt":"2025-02-02T17:38:40","slug":"prirodni-balzam-andalus","status":"publish","type":"product","link":"https:\/\/andalusproducts.com\/bs\/p\/prirodni-balzam-andalus\/","title":{"rendered":"Prirodni Balzam-Andalus"},"content":{"rendered":"<div class=\"x11i5rnm xat24cr x1mh8g0r x1vvkbs xdj266r x126k92a\">\n<div dir=\"auto\">\n<h3>Prirodni Balzam Andalus &#8211; Efikasno Rje\u0161enje za Bolove u Mi\u0161i\u0107ima<\/h3>\n<p>Andalus balzam predstavlja vrhunsku sinergiju \u010durekotovog ulja, ulja dvojne terapije, mentola, p\u010delinjeg voska i esencijalnih ulja, nude\u0107i idealno rje\u0161enje za osloba\u0111anje od bolova i napetosti u mi\u0161i\u0107ima. Njegovo prirodno djelovanje impresionira smiruju\u0107im i opu\u0161taju\u0107im efektima.<\/p>\n<p>Balzam Andalus je izuzetan izbor za masa\u017eu te kao samostalni tretman za ubla\u017eavanje bolnih podru\u010dja tijela. Jedinstvena kombinacija sastojaka osigurava brzo i u\u010dinkovito djelovanje, dok njegova prirodna formula garantuje sigurnost i pouzdanost u upotrebi.<\/p>\n<p>Ne dozvolite da vas bolovi ometaju u svakodnevnom \u017eivotu! Isprobajte Andalus balzam za trenutno olak\u0161anje i dubinsko opu\u0161tanje. Neka va\u0161e tijelo iskusi olak\u0161anje koje zaslu\u017euje uz Andalus balzam, va\u0161eg pouzdanog partnera u borbi protiv bolova.<\/p>\n<\/div>\n<\/div>","protected":false},"excerpt":{"rendered":"<p>Otkrijte Andalus balzam, prirodno rije\u0161enje za bolove i napetost u mi\u0161i\u0107ima. U\u017eivajte u umiruju\u0107im i opu\u0161taju\u0107im efektima crnog kima, mentola.<\/p>\n<h5>Balzam Andalus je izuzetan izbor za masa\u017eu te kao samostalni tretman za ubla\u017eavanje bolnih podru\u010dja tijela.<\/h5>\n<p>Jedinstvena kombinacija sastojaka osigurava brzo i u\u010dinkovito djelovanje, dok njegova prirodna formula garantuje sigurnost i pouzdanost u upotrebi.<\/p>\n<p>Ne dozvolite da vas bolovi ometaju u svakodnevnom \u017eivotu! Isprobajte Andalus balzam za trenutno olak\u0161anje i dubinsko opu\u0161tanje.<\/p>\n<p><strong>Neka va\u0161e tijelo iskusi olak\u0161anje koje zaslu\u017euje uz Andalus balzam, va\u0161eg pouzdanog partnera u borbi protiv bolova.<\/strong><\/p>","protected":false},"featured_media":540,"template":"","meta":{"ocean_post_layout":"","ocean_both_sidebars_style":"","ocean_both_sidebars_content_width":0,"ocean_both_sidebars_sidebars_width":0,"ocean_sidebar":"0","ocean_second_sidebar":"0","ocean_disable_margins":"enable","ocean_add_body_class":"","ocean_shortcode_before_top_bar":"","ocean_shortcode_after_top_bar":"","ocean_shortcode_before_header":"","ocean_shortcode_after_header":"","ocean_has_shortcode":"","ocean_shortcode_after_title":"","ocean_shortcode_before_footer_widgets":"","ocean_shortcode_after_footer_widgets":"","ocean_shortcode_before_footer_bottom":"","ocean_shortcode_after_footer_bottom":"","ocean_display_top_bar":"default","ocean_display_header":"default","ocean_header_style":"","ocean_center_header_left_menu":"0","ocean_custom_header_template":"0","ocean_custom_logo":0,"ocean_custom_retina_logo":0,"ocean_custom_logo_max_width":0,"ocean_custom_logo_tablet_max_width":0,"ocean_custom_logo_mobile_max_width":0,"ocean_custom_logo_max_height":0,"ocean_custom_logo_tablet_max_height":0,"ocean_custom_logo_mobile_max_height":0,"ocean_header_custom_menu":"0","ocean_menu_typo_font_family":"0","ocean_menu_typo_font_subset":"","ocean_menu_typo_font_size":0,"ocean_menu_typo_font_size_tablet":0,"ocean_menu_typo_font_size_mobile":0,"ocean_menu_typo_font_size_unit":"px","ocean_menu_typo_font_weight":"","ocean_menu_typo_font_weight_tablet":"","ocean_menu_typo_font_weight_mobile":"","ocean_menu_typo_transform":"","ocean_menu_typo_transform_tablet":"","ocean_menu_typo_transform_mobile":"","ocean_menu_typo_line_height":0,"ocean_menu_typo_line_height_tablet":0,"ocean_menu_typo_line_height_mobile":0,"ocean_menu_typo_line_height_unit":"","ocean_menu_typo_spacing":0,"ocean_menu_typo_spacing_tablet":0,"ocean_menu_typo_spacing_mobile":0,"ocean_menu_typo_spacing_unit":"","ocean_menu_link_color":"","ocean_menu_link_color_hover":"","ocean_menu_link_color_active":"","ocean_menu_link_background":"","ocean_menu_link_hover_background":"","ocean_menu_link_active_background":"","ocean_menu_social_links_bg":"","ocean_menu_social_hover_links_bg":"","ocean_menu_social_links_color":"","ocean_menu_social_hover_links_color":"","ocean_disable_title":"default","ocean_disable_heading":"default","ocean_post_title":"","ocean_post_subheading":"","ocean_post_title_style":"","ocean_post_title_background_color":"","ocean_post_title_background":0,"ocean_post_title_bg_image_position":"","ocean_post_title_bg_image_attachment":"","ocean_post_title_bg_image_repeat":"","ocean_post_title_bg_image_size":"","ocean_post_title_height":0,"ocean_post_title_bg_overlay":0.5,"ocean_post_title_bg_overlay_color":"","ocean_disable_breadcrumbs":"default","ocean_breadcrumbs_color":"","ocean_breadcrumbs_separator_color":"","ocean_breadcrumbs_links_color":"","ocean_breadcrumbs_links_hover_color":"","ocean_display_footer_widgets":"default","ocean_display_footer_bottom":"default","ocean_custom_footer_template":"0"},"product_brand":[],"product_cat":[62],"product_tag":[63,64,65],"class_list":{"0":"post-534","1":"product","2":"type-product","3":"status-publish","4":"has-post-thumbnail","6":"product_cat-kozmetika","7":"product_tag-blazam","8":"product_tag-bolovi","9":"product_tag-masaza","11":"entry","12":"has-media","14":"first","15":"instock","16":"sale","17":"taxable","18":"shipping-taxable","19":"purchasable","20":"product-type-simple","21":"has-product-nav","22":"col","23":"span_1_of_3","24":"owp-content-center","25":"owp-thumbs-layout-horizontal","26":"owp-btn-normal","27":"owp-tabs-layout-horizontal","28":"has-no-thumbnails"},"jetpack-related-posts":[],"jetpack_sharing_enabled":true,"_links":{"self":[{"href":"https:\/\/andalusproducts.com\/bs\/wp-json\/wp\/v2\/product\/534","targetHints":{"allow":["GET"]}}],"collection":[{"href":"https:\/\/andalusproducts.com\/bs\/wp-json\/wp\/v2\/product"}],"about":[{"href":"https:\/\/andalusproducts.com\/bs\/wp-json\/wp\/v2\/types\/product"}],"wp:featuredmedia":[{"embeddable":true,"href":"https:\/\/andalusproducts.com\/bs\/wp-json\/wp\/v2\/media\/540"}],"wp:attachment":[{"href":"https:\/\/andalusproducts.com\/bs\/wp-json\/wp\/v2\/media?parent=534"}],"wp:term":[{"taxonomy":"product_brand","embeddable":true,"href":"https:\/\/andalusproducts.com\/bs\/wp-json\/wp\/v2\/product_brand?post=534"},{"taxonomy":"product_cat","embeddable":true,"href":"https:\/\/andalusproducts.com\/bs\/wp-json\/wp\/v2\/product_cat?post=534"},{"taxonomy":"product_tag","embeddable":true,"href":"https:\/\/andalusproducts.com\/bs\/wp-json\/wp\/v2\/product_tag?post=534"}],"curies":[{"name":"wp","href":"https:\/\/api.w.org\/{rel}","templated":true}]}}