{"id":733,"date":"2024-11-27T16:17:32","date_gmt":"2024-11-27T16:17:32","guid":{"rendered":"https:\/\/andalusproducts.com\/?page_id=733"},"modified":"2025-02-06T19:54:06","modified_gmt":"2025-02-06T19:54:06","slug":"karakteristike-andalus-ulja","status":"publish","type":"page","link":"https:\/\/andalusproducts.com\/bs\/karakteristike-andalus-ulja\/","title":{"rendered":"Karakteristike  Andalus ulja"},"content":{"rendered":"<div data-elementor-type=\"wp-page\" data-elementor-id=\"733\" class=\"elementor elementor-733\" data-elementor-post-type=\"page\">\n\t\t\t\t\t\t<section class=\"elementor-section elementor-top-section elementor-element elementor-element-b5469d2 elementor-section-boxed elementor-section-height-default elementor-section-height-default\" data-id=\"b5469d2\" data-element_type=\"section\" data-e-type=\"section\">\n\t\t\t\t\t\t<div class=\"elementor-container elementor-column-gap-default\">\n\t\t\t\t\t<div class=\"elementor-column elementor-col-100 elementor-top-column elementor-element elementor-element-13d1dc0\" data-id=\"13d1dc0\" data-element_type=\"column\" data-e-type=\"column\">\n\t\t\t<div class=\"elementor-widget-wrap elementor-element-populated\">\n\t\t\t\t\t\t<div class=\"elementor-element elementor-element-cf2a0b5 elementor-widget-mobile__width-initial elementor-widget elementor-widget-image\" data-id=\"cf2a0b5\" data-element_type=\"widget\" data-e-type=\"widget\" data-widget_type=\"image.default\">\n\t\t\t\t<div class=\"elementor-widget-container\">\n\t\t\t\t\t\t\t\t\t\t\t\t\t\t\t\t<a href=\"https:\/\/andalusproducts.com\/bs\/karakteristike-andalus-ulja\/\" urekot=\"\">\n\t\t\t\t\t\t\t<img fetchpriority=\"high\" decoding=\"async\" width=\"1200\" height=\"1200\" src=\"https:\/\/andalusproducts.com\/wp-content\/uploads\/2023\/01\/web2-min.jpg\" class=\"attachment-full size-full wp-image-427\" alt=\"\u010curekotovo ulje\" srcset=\"https:\/\/andalusproducts.com\/wp-content\/uploads\/2023\/01\/web2-min.jpg 1200w, https:\/\/andalusproducts.com\/wp-content\/uploads\/2023\/01\/web2-min-600x600.jpg 600w, https:\/\/andalusproducts.com\/wp-content\/uploads\/2023\/01\/web2-min-100x100.jpg 100w, https:\/\/andalusproducts.com\/wp-content\/uploads\/2023\/01\/web2-min-300x300.jpg 300w, https:\/\/andalusproducts.com\/wp-content\/uploads\/2023\/01\/web2-min-1024x1024.jpg 1024w, https:\/\/andalusproducts.com\/wp-content\/uploads\/2023\/01\/web2-min-150x150.jpg 150w, https:\/\/andalusproducts.com\/wp-content\/uploads\/2023\/01\/web2-min-768x768.jpg 768w, https:\/\/andalusproducts.com\/wp-content\/uploads\/2023\/01\/web2-min-12x12.jpg 12w\" sizes=\"(max-width: 1200px) 100vw, 1200px\" title=\"\">\t\t\t\t\t\t\t\t<\/a>\n\t\t\t\t\t\t\t\t\t\t\t\t\t\t\t<\/div>\n\t\t\t\t<\/div>\n\t\t\t\t\t<\/div>\n\t\t<\/div>\n\t\t\t\t\t<\/div>\n\t\t<\/section>\n\t\t\t\t<section class=\"elementor-section elementor-top-section elementor-element elementor-element-ef4be7e elementor-section-boxed elementor-section-height-default elementor-section-height-default\" data-id=\"ef4be7e\" data-element_type=\"section\" data-e-type=\"section\">\n\t\t\t\t\t\t<div class=\"elementor-container elementor-column-gap-default\">\n\t\t\t\t\t<div class=\"elementor-column elementor-col-100 elementor-top-column elementor-element elementor-element-e4600cb\" data-id=\"e4600cb\" data-element_type=\"column\" data-e-type=\"column\">\n\t\t\t<div class=\"elementor-widget-wrap elementor-element-populated\">\n\t\t\t\t\t\t<div class=\"elementor-element elementor-element-c5a8a03 elementor-widget elementor-widget-heading\" data-id=\"c5a8a03\" data-element_type=\"widget\" data-e-type=\"widget\" data-widget_type=\"heading.default\">\n\t\t\t\t<div class=\"elementor-widget-container\">\n\t\t\t\t\t<h2 class=\"elementor-heading-title elementor-size-default\">Andalus \u010curekotovo Ulje: Prirodni Eliksir Zdravlja<\/h2>\t\t\t\t<\/div>\n\t\t\t\t<\/div>\n\t\t\t\t<div class=\"elementor-element elementor-element-03b429e elementor-widget elementor-widget-text-editor\" data-id=\"03b429e\" data-element_type=\"widget\" data-e-type=\"widget\" data-widget_type=\"text-editor.default\">\n\t\t\t\t<div class=\"elementor-widget-container\">\n\t\t\t\t\t\t\t\t\t<p><strong>Dobrodo\u0161li na stranicu posve\u0107enu \u010durekotovom ulju<\/strong> \u2013 prirodnom rje\u0161enju za va\u0161e zdravlje i vitalnost. Andalus \u010durekotovo ulje je 100% \u010disto, hladno pre\u0161ano ulje, proizvedeno prema najvi\u0161im standardima, idealno za svakodnevnu upotrebu.<\/p>\t\t\t\t\t\t\t\t<\/div>\n\t\t\t\t<\/div>\n\t\t\t\t<div class=\"elementor-element elementor-element-d8f550a elementor-widget elementor-widget-text-editor\" data-id=\"d8f550a\" data-element_type=\"widget\" data-e-type=\"widget\" data-widget_type=\"text-editor.default\">\n\t\t\t\t<div class=\"elementor-widget-container\">\n\t\t\t\t\t\t\t\t\t<h3><strong>\u0160ta je \u010curekotovo Ulje i Za\u0161to je Va\u017eno?<\/strong><\/h3><p>\u010curekotovo ulje, poznato i kao ulje crnog kima, dobiva se iz sjemenki biljke Nigella Sativa. Ve\u0107 stolje\u0107ima koristi se u tradicionalnoj medicini \u0161irom svijeta. Andalus \u010durekotovo ulje izdvojeno je po svojoj \u010disto\u0107i i kvaliteti, pru\u017eaju\u0107i najbolje iz prirode.<\/p><p>Njegov glavni sastojak, timokinon, zaslu\u017ean je za mnoga ljekovita svojstva, uklju\u010duju\u0107i:<\/p><ul><li><strong>Ja\u010danje imuniteta<\/strong>,<\/li><li><strong>Odr\u017eavanje zdrave ko\u017ee<\/strong>,<\/li><li><strong>Podr\u0161ku probavnom sistemu<\/strong>,<\/li><\/ul>\t\t\t\t\t\t\t\t<\/div>\n\t\t\t\t<\/div>\n\t\t\t\t<section class=\"elementor-section elementor-inner-section elementor-element elementor-element-fd65a5a elementor-section-boxed elementor-section-height-default elementor-section-height-default\" data-id=\"fd65a5a\" data-element_type=\"section\" data-e-type=\"section\">\n\t\t\t\t\t\t<div class=\"elementor-container elementor-column-gap-default\">\n\t\t\t\t\t<div class=\"elementor-column elementor-col-100 elementor-inner-column elementor-element elementor-element-1d8a17c\" data-id=\"1d8a17c\" data-element_type=\"column\" data-e-type=\"column\">\n\t\t\t<div class=\"elementor-widget-wrap elementor-element-populated\">\n\t\t\t\t\t\t<div class=\"elementor-element elementor-element-5d74e9e elementor-widget elementor-widget-image\" data-id=\"5d74e9e\" data-element_type=\"widget\" data-e-type=\"widget\" data-widget_type=\"image.default\">\n\t\t\t\t<div class=\"elementor-widget-container\">\n\t\t\t\t\t\t\t\t\t\t\t\t\t\t\t<img decoding=\"async\" width=\"1024\" height=\"1024\" src=\"https:\/\/andalusproducts.com\/wp-content\/uploads\/2023\/05\/web4-1-1-1024x1024.jpg\" class=\"attachment-large size-large wp-image-570\" alt=\"\u010curekotovo Ulje: Prirodni Eliksir Zdravlja\" srcset=\"https:\/\/andalusproducts.com\/wp-content\/uploads\/2023\/05\/web4-1-1-1024x1024.jpg 1024w, https:\/\/andalusproducts.com\/wp-content\/uploads\/2023\/05\/web4-1-1-300x300.jpg 300w, https:\/\/andalusproducts.com\/wp-content\/uploads\/2023\/05\/web4-1-1-150x150.jpg 150w, https:\/\/andalusproducts.com\/wp-content\/uploads\/2023\/05\/web4-1-1-768x768.jpg 768w, https:\/\/andalusproducts.com\/wp-content\/uploads\/2023\/05\/web4-1-1-12x12.jpg 12w, https:\/\/andalusproducts.com\/wp-content\/uploads\/2023\/05\/web4-1-1-600x600.jpg 600w, https:\/\/andalusproducts.com\/wp-content\/uploads\/2023\/05\/web4-1-1-100x100.jpg 100w, https:\/\/andalusproducts.com\/wp-content\/uploads\/2023\/05\/web4-1-1.jpg 1200w\" sizes=\"(max-width: 1024px) 100vw, 1024px\" title=\"\">\t\t\t\t\t\t\t\t\t\t\t\t\t\t\t<\/div>\n\t\t\t\t<\/div>\n\t\t\t\t\t<\/div>\n\t\t<\/div>\n\t\t\t\t\t<\/div>\n\t\t<\/section>\n\t\t\t\t<div class=\"elementor-element elementor-element-5d10bd7 elementor-widget elementor-widget-text-editor\" data-id=\"5d10bd7\" data-element_type=\"widget\" data-e-type=\"widget\" data-widget_type=\"text-editor.default\">\n\t\t\t\t<div class=\"elementor-widget-container\">\n\t\t\t\t\t\t\t\t\t<h3><strong>Prednosti Andalus \u010curekotovog Ulja<\/strong><\/h3><ol><li style=\"list-style-type: none;\"><ol><li><strong>Imunitet:<\/strong> Redovnim kori\u0161tenjem Andalus \u010durekotovog ulja mo\u017eete oja\u010dati prirodnu obranu organizma.<\/li><li><strong>Ko\u017ea i kosa:<\/strong> Njegov bogati sastav vitamina i minerala doprinosi hidrataciji i regeneraciji ko\u017ee, dok istovremeno ja\u010da kosu.<\/li><li><strong>Probava:<\/strong> \u010curekotovo ulje poma\u017ee u smirivanju probavnih smetnji i poti\u010de zdrav metabolizam.<\/li><li><strong>Ubla\u017eavanje bolova:<\/strong> Zahvaljuju\u0107i antioksidativnim svojstvima, mo\u017ee smanjiti upale i bolove.<\/li><\/ol><\/li><\/ol>\t\t\t\t\t\t\t\t<\/div>\n\t\t\t\t<\/div>\n\t\t\t\t<div class=\"elementor-element elementor-element-9e9b088 elementor-widget elementor-widget-text-editor\" data-id=\"9e9b088\" data-element_type=\"widget\" data-e-type=\"widget\" data-widget_type=\"text-editor.default\">\n\t\t\t\t<div class=\"elementor-widget-container\">\n\t\t\t\t\t\t\t\t\t<h3><strong>Kako Koristiti \u010curekotovo Ulje?<\/strong><\/h3><p><strong>Andalus \u010durekotovo ulje<\/strong> mo\u017ee se koristiti na razli\u010dite na\u010dine, zavisno o va\u0161im potrebama:<\/p><ul><li><strong>Interna upotreba:<\/strong> 1 \u010dajna ka\u0161ika dnevno prije doru\u010dka.<\/li><li><strong>Eksterna upotreba:<\/strong> Nanesite direktno na ko\u017eu za hidrataciju ili masa\u017eu.<\/li><li><strong>Dodaci prehrani:<\/strong> Dodajte nekoliko kapi u smoothie ili \u010daj.<\/li><\/ul>\t\t\t\t\t\t\t\t<\/div>\n\t\t\t\t<\/div>\n\t\t\t\t<div class=\"elementor-element elementor-element-492e314 elementor-widget elementor-widget-text-editor\" data-id=\"492e314\" data-element_type=\"widget\" data-e-type=\"widget\" data-widget_type=\"text-editor.default\">\n\t\t\t\t<div class=\"elementor-widget-container\">\n\t\t\t\t\t\t\t\t\t<h3><strong>Za\u0161to Izabrati Andalus \u010curekotovo Ulje?<\/strong><\/h3><p>Andalus \u010durekotovo ulje izdvajamo jer:<\/p><ul><li><strong>Koristi samo najkvalitetnije sjemenke \u010durekota.<\/strong><\/li><li><strong>Hladno pre\u0161ano \u010duva sve nutritivne vrijednosti.<\/strong><\/li><li><strong>Bez dodataka i konzervansa \u2013 100% prirodno!<\/strong><\/li><\/ul><p>Ako tra\u017eite proizvod kojem mo\u017eete vjerovati, <strong>Andalus \u010durekotovo ulje<\/strong> je pravi izbor.<\/p>\t\t\t\t\t\t\t\t<\/div>\n\t\t\t\t<\/div>\n\t\t\t\t<div class=\"elementor-element elementor-element-c041af0 elementor-widget elementor-widget-text-editor\" data-id=\"c041af0\" data-element_type=\"widget\" data-e-type=\"widget\" data-widget_type=\"text-editor.default\">\n\t\t\t\t<div class=\"elementor-widget-container\">\n\t\t\t\t\t\t\t\t\t<h3><strong>Iskustva Korisnika<\/strong><\/h3>\n<p>Mnogi na\u0161i korisnici su podijelili pozitivna iskustva:<\/p>\n<ul>\n<li><strong>&#8220;Koristim \u010durekotovo ulje ve\u0107 mjesec dana i osje\u0107am se energi\u010dnije nego ikad!&#8221; \u2013 Halil.H<\/strong><\/li>\n<li><strong>&#8220;Moj ten je znatno pobolj\u0161an, a kosa mi je sjajnija.&#8221; \u2013 Hana B.<\/strong><\/li>\n<li><strong>&#8220;Poma\u017ee mi u smirivanju probavnih problema.&#8221; \u2013 Ahmed K.<\/strong><\/li>\n<\/ul>\t\t\t\t\t\t\t\t<\/div>\n\t\t\t\t<\/div>\n\t\t\t\t<div class=\"elementor-element elementor-element-c644682 elementor-widget elementor-widget-text-editor\" data-id=\"c644682\" data-element_type=\"widget\" data-e-type=\"widget\" data-widget_type=\"text-editor.default\">\n\t\t\t\t<div class=\"elementor-widget-container\">\n\t\t\t\t\t\t\t\t\t<h3><strong>Naru\u010dite Andalus \u010curekotovo Ulje Ve\u0107 Danas<\/strong><\/h3><p>Ne \u010dekajte da va\u0161e zdravlje pati! Naru\u010dite <strong>Andalus \u010durekotovo ulje<\/strong> i iskusite sve prednosti ovog prirodnog eliksira.<\/p><p>\u00a0<\/p><p><a href=\"https:\/\/andalusproducts.com\/bs\/shop\/\"><strong>Kliknite ovdje za narud\u017ebu!<\/strong><\/a><\/p>\t\t\t\t\t\t\t\t<\/div>\n\t\t\t\t<\/div>\n\t\t\t\t<div class=\"elementor-element elementor-element-d049419 elementor-widget elementor-widget-text-editor\" data-id=\"d049419\" data-element_type=\"widget\" data-e-type=\"widget\" data-widget_type=\"text-editor.default\">\n\t\t\t\t<div class=\"elementor-widget-container\">\n\t\t\t\t\t\t\t\t\t<h3><strong>\u010cesto Postavljena Pitanja o \u010curekotovom Ulju<\/strong><\/h3><ol><li><p><strong>Je li \u010durekotovo ulje sigurno za svakodnevnu upotrebu?<\/strong><br \/>Da, Andalus \u010durekotovo ulje je potpuno prirodno i sigurno za internu i eksternu upotrebu.<\/p><\/li><li><p><strong>Koliko dugo treba koristiti \u010durekotovo ulje da bih vidio rezultate?<\/strong><br \/>Redovna upotreba tokom 4-6 sedmica daje najbolje rezultate.<\/p><\/li><li><p><strong>Gdje se proizvodi Andalus \u010durekotovo ulje?<\/strong><br \/>Na\u0161e ulje dolazi iz pa\u017eljivo biranih sjemenki Nigella Sativa, hladno pre\u0161anih za o\u010duvanje kvalitete.<\/p><\/li><\/ol>\t\t\t\t\t\t\t\t<\/div>\n\t\t\t\t<\/div>\n\t\t\t\t<div class=\"elementor-element elementor-element-7988442 elementor-widget elementor-widget-text-editor\" data-id=\"7988442\" data-element_type=\"widget\" data-e-type=\"widget\" data-widget_type=\"text-editor.default\">\n\t\t\t\t<div class=\"elementor-widget-container\">\n\t\t\t\t\t\t\t\t\t<h3><strong>Zaklju\u010dak<\/strong><\/h3><p>\u010curekotovo ulje je vi\u0161e od obi\u010dnog dodatka prehrani \u2013 to je prirodna podr\u0161ka va\u0161em zdravlju i vitalnosti. Isprobajte Andalus \u010durekotovo ulje ve\u0107 danas i pridru\u017eite se hiljadama zadovoljnih korisnika!<\/p>\t\t\t\t\t\t\t\t<\/div>\n\t\t\t\t<\/div>\n\t\t\t\t\t<\/div>\n\t\t<\/div>\n\t\t\t\t\t<\/div>\n\t\t<\/section>\n\t\t\t\t<\/div>","protected":false},"excerpt":{"rendered":"<p>Andalus \u010curekotovo Ulje: Prirodni Eliksir Zdravlja Dobrodo\u0161li na stranicu posve\u0107enu \u010durekotovom ulju \u2013 prirodnom rje\u0161enju za va\u0161e zdravlje i vitalnost. Andalus \u010durekotovo ulje je 100% \u010disto, hladno pre\u0161ano ulje, proizvedeno prema najvi\u0161im standardima, idealno za svakodnevnu upotrebu. \u0160ta je \u010curekotovo Ulje i Za\u0161to je Va\u017eno? \u010curekotovo ulje, poznato i kao ulje crnog kima, dobiva se [&hellip;]<\/p>","protected":false},"author":1,"featured_media":0,"parent":0,"menu_order":0,"comment_status":"closed","ping_status":"closed","template":"elementor_header_footer","meta":{"ocean_post_layout":"","ocean_both_sidebars_style":"","ocean_both_sidebars_content_width":0,"ocean_both_sidebars_sidebars_width":0,"ocean_sidebar":"","ocean_second_sidebar":"","ocean_disable_margins":"enable","ocean_add_body_class":"","ocean_shortcode_before_top_bar":"","ocean_shortcode_after_top_bar":"","ocean_shortcode_before_header":"","ocean_shortcode_after_header":"","ocean_has_shortcode":"","ocean_shortcode_after_title":"","ocean_shortcode_before_footer_widgets":"","ocean_shortcode_after_footer_widgets":"","ocean_shortcode_before_footer_bottom":"","ocean_shortcode_after_footer_bottom":"","ocean_display_top_bar":"default","ocean_display_header":"default","ocean_header_style":"","ocean_center_header_left_menu":"","ocean_custom_header_template":"","ocean_custom_logo":0,"ocean_custom_retina_logo":0,"ocean_custom_logo_max_width":0,"ocean_custom_logo_tablet_max_width":0,"ocean_custom_logo_mobile_max_width":0,"ocean_custom_logo_max_height":0,"ocean_custom_logo_tablet_max_height":0,"ocean_custom_logo_mobile_max_height":0,"ocean_header_custom_menu":"","ocean_menu_typo_font_family":"","ocean_menu_typo_font_subset":"","ocean_menu_typo_font_size":0,"ocean_menu_typo_font_size_tablet":0,"ocean_menu_typo_font_size_mobile":0,"ocean_menu_typo_font_size_unit":"px","ocean_menu_typo_font_weight":"","ocean_menu_typo_font_weight_tablet":"","ocean_menu_typo_font_weight_mobile":"","ocean_menu_typo_transform":"","ocean_menu_typo_transform_tablet":"","ocean_menu_typo_transform_mobile":"","ocean_menu_typo_line_height":0,"ocean_menu_typo_line_height_tablet":0,"ocean_menu_typo_line_height_mobile":0,"ocean_menu_typo_line_height_unit":"","ocean_menu_typo_spacing":0,"ocean_menu_typo_spacing_tablet":0,"ocean_menu_typo_spacing_mobile":0,"ocean_menu_typo_spacing_unit":"","ocean_menu_link_color":"","ocean_menu_link_color_hover":"","ocean_menu_link_color_active":"","ocean_menu_link_background":"","ocean_menu_link_hover_background":"","ocean_menu_link_active_background":"","ocean_menu_social_links_bg":"","ocean_menu_social_hover_links_bg":"","ocean_menu_social_links_color":"","ocean_menu_social_hover_links_color":"","ocean_disable_title":"default","ocean_disable_heading":"default","ocean_post_title":"","ocean_post_subheading":"","ocean_post_title_style":"","ocean_post_title_background_color":"","ocean_post_title_background":0,"ocean_post_title_bg_image_position":"","ocean_post_title_bg_image_attachment":"","ocean_post_title_bg_image_repeat":"","ocean_post_title_bg_image_size":"","ocean_post_title_height":0,"ocean_post_title_bg_overlay":0.5,"ocean_post_title_bg_overlay_color":"","ocean_disable_breadcrumbs":"default","ocean_breadcrumbs_color":"","ocean_breadcrumbs_separator_color":"","ocean_breadcrumbs_links_color":"","ocean_breadcrumbs_links_hover_color":"","ocean_display_footer_widgets":"default","ocean_display_footer_bottom":"default","ocean_custom_footer_template":"","footnotes":""},"class_list":["post-733","page","type-page","status-publish","hentry","entry","owp-thumbs-layout-horizontal","owp-btn-normal","owp-tabs-layout-horizontal","has-no-thumbnails","has-product-nav"],"jetpack-related-posts":[],"jetpack_sharing_enabled":true,"_links":{"self":[{"href":"https:\/\/andalusproducts.com\/bs\/wp-json\/wp\/v2\/pages\/733","targetHints":{"allow":["GET"]}}],"collection":[{"href":"https:\/\/andalusproducts.com\/bs\/wp-json\/wp\/v2\/pages"}],"about":[{"href":"https:\/\/andalusproducts.com\/bs\/wp-json\/wp\/v2\/types\/page"}],"author":[{"embeddable":true,"href":"https:\/\/andalusproducts.com\/bs\/wp-json\/wp\/v2\/users\/1"}],"replies":[{"embeddable":true,"href":"https:\/\/andalusproducts.com\/bs\/wp-json\/wp\/v2\/comments?post=733"}],"version-history":[{"count":43,"href":"https:\/\/andalusproducts.com\/bs\/wp-json\/wp\/v2\/pages\/733\/revisions"}],"predecessor-version":[{"id":838,"href":"https:\/\/andalusproducts.com\/bs\/wp-json\/wp\/v2\/pages\/733\/revisions\/838"}],"wp:attachment":[{"href":"https:\/\/andalusproducts.com\/bs\/wp-json\/wp\/v2\/media?parent=733"}],"curies":[{"name":"wp","href":"https:\/\/api.w.org\/{rel}","templated":true}]}}